{"id":38,"date":"2019-07-10T10:13:35","date_gmt":"2019-07-10T08:13:35","guid":{"rendered":"https:\/\/cisterzienser-weingut.de\/?page_id=38"},"modified":"2021-02-03T11:43:35","modified_gmt":"2021-02-03T10:43:35","slug":"ortsweine","status":"publish","type":"page","link":"https:\/\/cisterzienser-weingut.de\/en\/our-wines\/ortsweine\/","title":{"rendered":"Ortsweine"},"content":{"rendered":"<section class=\"content-section tbe-module-section tbe-custom-background-color tbe-custom-background-color-weiss\">\n<div class=\"grid tbe-module-grid\">\n<div class=\"row bottom\">\n<div class=\"col phablet-12 phone-12 tbe-module-text-column tbe-module-marginal-column-right desktop-8 tablet-8\" data-columns=\"1\">\n<p class=\"overline-h2\">Our Ortsweine<\/p>\n<h2 id='you-cant-bottle-wine-without-receiving-compliments'>You can\u2019t bottle wine without receiving compliments<\/h2>\n<p>Our Ortsweine are truly charming treasures. Multi-faceted as the soil they originate from, well-balanced and grown on local terroir where outstanding wines have already been cultivated centuries ago. Distinct wines full of character &#8211; you\u2019ll just love them, that\u2019s for sure.<\/p>\n<p>The Cistercian wine-growing estate offers wines in three classifications: Lagenweine &#8211; our finest wines from one single vineyard site, Ortsweine &#8211; our high-quality wines, influenced by the typical local terroir, and Gutsweine &#8211; our wines grown in the estate\u2019s own vineyards. All three of them excellent wines from the Rheinhessen region &#8211; each sip a pleasure trip. That\u2019s what makes the difference: terroir, grapes, availability.<\/p>\n<\/div>\n<div class=\"col phone-12 tbe-module-aspect-ratio-column desktop-4 tablet-4 phablet-6 tbe-custom-background-image\" style=\"background-image: url(&quot;https:\/\/cisterzienser-weingut.de\/en\/wp-content\/uploads\/sites\/2\/2020\/04\/cz_qualitaetspyramide_02_ortsweine.jpg&quot;); background-position: 50% 100%; background-size: contain; background-repeat: no-repeat;\">\n<div class=\"aspect-ratio\" data-aspectratio=\"3:2\" style=\"width: 100%; font-size: 0px; line-height: 1; color: transparent; padding-bottom: 67%;\"><\/div>\n<\/div>\n<\/div>\n<\/div>\n<div class=\"grid tbe-module-grid\">\n<div class=\"row\">\n<div class=\"col desktop-12 tablet-12 phablet-12 phone-12 tbe-module-product-category-overview\">\n<div class=\"products-overview\">\n    <div class=\"row gutter-h-60\">\n                    <div class=\"col desktop-4 tablet-4 phablet-12 phone-12\">\n                <aside class=\"the-sidebar sidebar-expertise-category-filter\">\n                    <div class=\"widget widget-expertise-filter\">\n                        <h6 class=\"widget-title\">Filter products<\/h6>\n                        <form action=\".\/#product-list\" id=\"expertise-filters\">\n                            <script>\n                                (function($) {\n\n                                    var $form        = $('#expertise-filters'),\n                                        submit_timer = false,\n                                        submit_delay = 1.5;\n\n                                    function submit_form($f) {\n\n                                        \/\/ set button to loading state\n                                        $form.find('button[type=\"submit\"]')\n                                            .prop('disabled', true)\n                                            .addClass('is-loading');\n\n                                        \/\/ cancel and reset the current timer\n                                        if(submit_timer !== false) {\n\n                                            clearTimeout(submit_timer);\n                                            submit_timer = false;\n                                        }\n\n                                        \/\/ start new timer, submit form\n                                        submit_timer = setTimeout(function() { $f.submit(); }, submit_delay * 1000);\n                                    }\n\n                                    $form.on('change', function(e) { submit_form($form); })\n\n                                })(jQuery);\n                            <\/script>\n                                                                                            <p class=\"product-filter-item product-filter-item-expertise-category\"\n                                   id=\"product-filter-item-expertise-category-17\">\n                                    <input type=\"checkbox\" name=\"product-filter-category[]\"\n                                           id=\"expertise-category-17\"\n                                           value=\"17\">\n                                    <label for=\"expertise-category-17\">White wines<\/label>\n                                <\/p>\n                                                                                            <p class=\"product-filter-item product-filter-item-expertise-category\"\n                                   id=\"product-filter-item-expertise-category-11\">\n                                    <input type=\"checkbox\" name=\"product-filter-category[]\"\n                                           id=\"expertise-category-11\"\n                                           value=\"11\">\n                                    <label for=\"expertise-category-11\">Red wines<\/label>\n                                <\/p>\n                            \n                            \n                            <button type=\"submit\" class=\"button-secondary button-fullsize\">\n                                <span class=\"round-loader-wrapper\"><span class=\"round-loader\"><\/span><\/span>\n                                <span class=\"button-label\"><span class=\"has-icon\" data-icon=\"success-outlined\">Apply filter<\/span><\/span>\n                            <\/button>\n                        <\/form>\n                    <\/div>\n                <\/aside>\n            <\/div>\n        \n                <div class=\"col desktop-8 tablet-8 phablet-12 phone-12\" id=\"products\">\n\n            \n                <div class=\"row is-loading\" id=\"product-list\">\n                    \n<div class=\"col desktop-6 tablet-6 phablet-6 phone-12 product-item product-item-expertise-404 product-item-has-image\" id=\"expertise-404\">\n    \n    <div class=\"product-image\" style=\"background-image: url('https:\/\/cisterzienser-weingut.de\/en\/wp-content\/uploads\/sites\/2\/2020\/03\/104_Fruehburgunder-trocken.png')\"><\/div>\n\n    <div class=\"product-text margin-fix\">\n                    <p class=\"product-number\">No. &mdash; 104<\/p>\n                <h3 class=\"h4 product-title\">Fr\u00fchburgunder<\/h3>\n        <div class=\"product-description margin-fix\">\n            <p>Red wine \u2022 dry<\/p>\n                    <\/div>\n    <\/div>\n    <\/div>\n<div class=\"col desktop-6 tablet-6 phablet-6 phone-12 product-item product-item-expertise-438 product-item-has-image\" id=\"expertise-438\">\n    \n    <div class=\"product-image\" style=\"background-image: url('https:\/\/cisterzienser-weingut.de\/en\/wp-content\/uploads\/sites\/2\/2019\/07\/405_Sauvignon-Blanc-trocken.png')\"><\/div>\n\n    <div class=\"product-text margin-fix\">\n                    <p class=\"product-number\">No. &mdash; 405<\/p>\n                <h3 class=\"h4 product-title\">Sauvignon Blanc<\/h3>\n        <div class=\"product-description margin-fix\">\n            <p>White wine \u2022 dry<\/p>\n                    <\/div>\n    <\/div>\n    <\/div>\n<div class=\"col desktop-6 tablet-6 phablet-6 phone-12 product-item product-item-expertise-436 product-item-has-image\" id=\"expertise-436\">\n    \n    <div class=\"product-image\" style=\"background-image: url('https:\/\/cisterzienser-weingut.de\/en\/wp-content\/uploads\/sites\/2\/2020\/03\/407_Weissburgunder-trocken.png')\"><\/div>\n\n    <div class=\"product-text margin-fix\">\n                    <p class=\"product-number\">No. &mdash; 407<\/p>\n                <h3 class=\"h4 product-title\">Wei\u00dfburgunder<\/h3>\n        <div class=\"product-description margin-fix\">\n            <p>White wine \u2022 dry<\/p>\n                    <\/div>\n    <\/div>\n    <\/div>\n<div class=\"col desktop-6 tablet-6 phablet-6 phone-12 product-item product-item-expertise-441 product-item-has-image\" id=\"expertise-441\">\n    \n    <div class=\"product-image\" style=\"background-image: url('https:\/\/cisterzienser-weingut.de\/en\/wp-content\/uploads\/sites\/2\/2020\/03\/408_Riesling-trocken.png')\"><\/div>\n\n    <div class=\"product-text margin-fix\">\n                    <p class=\"product-number\">No. &mdash; 408<\/p>\n                <h3 class=\"h4 product-title\">Riesling<\/h3>\n        <div class=\"product-description margin-fix\">\n            <p>White wine \u2022 dry<\/p>\n                    <\/div>\n    <\/div>\n    <\/div>\n<div class=\"col desktop-6 tablet-6 phablet-6 phone-12 product-item product-item-expertise-443 product-item-has-image\" id=\"expertise-443\">\n    \n    <div class=\"product-image\" style=\"background-image: url('https:\/\/cisterzienser-weingut.de\/en\/wp-content\/uploads\/sites\/2\/2020\/03\/409_Gewurztraminer-trocken.png')\"><\/div>\n\n    <div class=\"product-text margin-fix\">\n                    <p class=\"product-number\">No. &mdash; 409<\/p>\n                <h3 class=\"h4 product-title\">Gew\u00fcrztraminer<\/h3>\n        <div class=\"product-description margin-fix\">\n            <p>White wine \u2022 dry<\/p>\n                    <\/div>\n    <\/div>\n    <\/div>\n<div class=\"col desktop-6 tablet-6 phablet-6 phone-12 product-item product-item-expertise-1235 product-item-has-image\" id=\"expertise-1235\">\n    \n    <div class=\"product-image\" style=\"background-image: url('https:\/\/cisterzienser-weingut.de\/en\/wp-content\/uploads\/sites\/2\/2021\/04\/417_Muskateller-trocken.png')\"><\/div>\n\n    <div class=\"product-text margin-fix\">\n                    <p class=\"product-number\">No. &mdash; 417<\/p>\n                <h3 class=\"h4 product-title\">Muskateller<\/h3>\n        <div class=\"product-description margin-fix\">\n            <p>White wine \u2022 dry<\/p>\n                    <\/div>\n    <\/div>\n    <\/div>\n<div class=\"col desktop-6 tablet-6 phablet-6 phone-12 product-item product-item-expertise-1237 product-item-has-image\" id=\"expertise-1237\">\n    \n    <div class=\"product-image\" style=\"background-image: url('https:\/\/cisterzienser-weingut.de\/en\/wp-content\/uploads\/sites\/2\/2021\/04\/418_Sauvignon-Blanc-trocken-Fume.png')\"><\/div>\n\n    <div class=\"product-text margin-fix\">\n                    <p class=\"product-number\">No. &mdash; 418<\/p>\n                <h3 class=\"h4 product-title\">Sauvignon blanc Fum\u00e9<\/h3>\n        <div class=\"product-description margin-fix\">\n            <p>White wine \u2022 dry<\/p>\n                    <\/div>\n    <\/div>\n    <\/div>\n<div class=\"col desktop-6 tablet-6 phablet-6 phone-12 product-item product-item-expertise-1367 product-item-has-image\" id=\"expertise-1367\">\n    \n    <div class=\"product-image\" style=\"background-image: url('https:\/\/cisterzienser-weingut.de\/en\/wp-content\/uploads\/sites\/2\/2023\/02\/419_Orange.png')\"><\/div>\n\n    <div class=\"product-text margin-fix\">\n                    <p class=\"product-number\">No. &mdash; 419<\/p>\n                <h3 class=\"h4 product-title\">Orange<\/h3>\n        <div class=\"product-description margin-fix\">\n            <p>White wine \u2022 dry<\/p>\n                    <\/div>\n    <\/div>\n    <\/div>\n<div class=\"col desktop-6 tablet-6 phablet-6 phone-12 product-item product-item-expertise-454 product-item-has-image\" id=\"expertise-454\">\n    \n    <div class=\"product-image\" style=\"background-image: url('https:\/\/cisterzienser-weingut.de\/en\/wp-content\/uploads\/sites\/2\/2019\/07\/502_Chardonnay-trocken.png')\"><\/div>\n\n    <div class=\"product-text margin-fix\">\n                    <p class=\"product-number\">No. &mdash; 502<\/p>\n                <h3 class=\"h4 product-title\">Chardonnay<\/h3>\n        <div class=\"product-description margin-fix\">\n            <p>White wine \u2022 dry<\/p>\n                    <\/div>\n    <\/div>\n    <\/div>\n<div class=\"col desktop-6 tablet-6 phablet-6 phone-12 product-item product-item-expertise-456 product-item-has-image\" id=\"expertise-456\">\n    \n    <div class=\"product-image\" style=\"background-image: url('https:\/\/cisterzienser-weingut.de\/en\/wp-content\/uploads\/sites\/2\/2020\/03\/503_Merlot-trocken.png')\"><\/div>\n\n    <div class=\"product-text margin-fix\">\n                    <p class=\"product-number\">No. &mdash; 503<\/p>\n                <h3 class=\"h4 product-title\">Merlot<\/h3>\n        <div class=\"product-description margin-fix\">\n            <p>Red wine \u2022 dry<\/p>\n                    <\/div>\n    <\/div>\n    <\/div>                <\/div>\n\n                \n                    <\/div>\n    <\/div>\n<\/div>\n\n<\/div>\n<\/div>\n<\/div>\n<\/section>\n<section class=\"content-section tbe-module-section tbe-custom-background-color tbe-custom-background-color-hellgrau\">\n<div class=\"grid tbe-module-grid\">\n<div class=\"row gutter-h-120\">\n<div class=\"col desktop-12 tablet-12 phablet-12 phone-12 tbe-module-product-page-teaser\">\n<div class=\"page-teaser-module page-teaser-direction-default is-product-teaser\" id=\"page-teaser-module-59\">\n    <div class=\"row center middle\">\n        <div class=\"col desktop-5 tablet-5 phablet-12 phone-12 page-teaser-image-column\">\n            \n            <div class=\"page-teaser-image-container\">\n                                    <div class=\"page-teaser-image bg-texture-inner-shadow bg-texture-gold\"><\/div>\n                    <div class=\"product-image\" style=\"background-image: url('https:\/\/cisterzienser-weingut.de\/en\/wp-content\/uploads\/sites\/2\/2019\/07\/507_Spaetburgunder-S-trocken.png')\"><\/div>\n                            <\/div>\n\n        <\/div>\n        <div class=\"col desktop-7 tablet-7 phablet-12 phone-12 page-teaser-text-column\">\n            <p class=\"overline-h2\">Our Lagenweine \u2013 our finest wines from one single vineyard site<\/p>\n<h2 id='deep-clay-is-our-highest-value'>Deep clay is our highest value<\/h2>\n<p>Manifold, well-balanced: Sounds good? We agree with that. Deep clay soils, lime stone, clay loam soil, and iron ore, just to name a few: Our vineyards with their different soil types stretch over the best vineyard sites of the Rheinhessen region. That\u2019s reason enough to meet our superior wines.<\/p>\n<p><a class=\"arrow-link\" href=\"https:\/\/cisterzienser-weingut.de\/en\/our-wines\/lagenweine\/\">have a look at our Lagenweine<\/a><\/p>\n                    <\/div>\n    <\/div>\n<\/div>\n<\/div>\n<div class=\"col desktop-12 tablet-12 phablet-12 phone-12 tbe-module-product-page-teaser\">\n<div class=\"page-teaser-module page-teaser-direction-right is-product-teaser\" id=\"page-teaser-module-153\">\n    <div class=\"row center middle\">\n        <div class=\"col desktop-5 tablet-5 phablet-12 phone-12 page-teaser-image-column\">\n            \n            <div class=\"page-teaser-image-container\">\n                                    <div class=\"page-teaser-image bg-texture-inner-shadow bg-texture-violet\"><\/div>\n                    <div class=\"product-image\" style=\"background-image: url('https:\/\/cisterzienser-weingut.de\/en\/wp-content\/uploads\/sites\/2\/2019\/07\/403_Grauer-Burgunder-trocken-Weisser-Stein.png')\"><\/div>\n                            <\/div>\n\n        <\/div>\n        <div class=\"col desktop-7 tablet-7 phablet-12 phone-12 page-teaser-text-column\">\n            <p class=\"overline-h2\">Our Gutsweine \u2013 grown in the estate\u2019s own vineyards<\/p>\n<h2 id='its-only-logical-gutsweine-are-good-wines'>It\u2019s only logical: Gutsweine are good wines<\/h2>\n<p>They are good as they come along with a very down-to-earth character. Gutsweine are served in a pleasantly laid-back way, whenever people simply want to savour a good glass of wine. People like you and people like us. Whenever pizza or pasta is served, whenever friends sit together, whenever a busy day is rounded off in an easy-going manner.<\/p>\n<p><a class=\"arrow-link\" href=\"https:\/\/cisterzienser-weingut.de\/en\/our-wines\/gutsweine\/\">have a look at our Gutsweine<\/a><\/p>\n                    <\/div>\n    <\/div>\n<\/div>\n<\/div>\n<div class=\"col desktop-12 tablet-12 phablet-12 phone-12 tbe-module-product-page-teaser\">\n<div class=\"page-teaser-module page-teaser-direction-default is-product-teaser\" id=\"page-teaser-module-159\">\n    <div class=\"row center middle\">\n        <div class=\"col desktop-5 tablet-5 phablet-12 phone-12 page-teaser-image-column\">\n            \n            <div class=\"page-teaser-image-container\">\n                                    <div class=\"page-teaser-image bg-texture-inner-shadow bg-texture-neutral\"><\/div>\n                    <div class=\"product-image\" style=\"background-image: url('https:\/\/cisterzienser-weingut.de\/en\/wp-content\/uploads\/sites\/2\/2020\/01\/Probierpaket_Trockene-Tatsachen.png')\"><\/div>\n                            <\/div>\n\n        <\/div>\n        <div class=\"col desktop-7 tablet-7 phablet-12 phone-12 page-teaser-text-column\">\n            <p class=\"overline-h2\">Our mixed wine cases<\/p>\n<h2 id='are-you-ready-for-your-new-favourites'>Are you ready for your new favourites?<\/h2>\n<p>What a choice, what a variety! You are not quite sure yet which Cistercian wine is the one for you? We are consistently selecting wines for our mixed wine cases, especially for you to try and explore.<\/p>\n<p><a class=\"arrow-link\" href=\"https:\/\/cisterzienser-weingut.de\/en\/our-wines\/mixed-wine-cases\/\">our mixed wine cases<\/a><\/p>\n                    <\/div>\n    <\/div>\n<\/div>\n<\/div>\n<\/div>\n<\/div>\n<\/section>\n","protected":false},"excerpt":{"rendered":"<p>Weinbau ist Handwerkskunst. Sorgf\u00e4ltig und mit Fingerspitzengef\u00fchl k\u00fcmmern wir uns um das, was die Natur uns hier vor Ort vorgibt. Kompliment \u00fcbrigens: Da hat sie etwas Gro\u00dfartiges geleistet. Wenn wir Cisterzienser Ortsweine abf\u00fcllen, kommt immer auch ein St\u00fcck Rheinhessen, Wonnegau, He\u00dfloch mit in die Flasche. Wie das schmeckt? Am besten ausprobieren.<\/p>\n","protected":false},"author":1,"featured_media":219,"parent":34,"menu_order":20,"comment_status":"closed","ping_status":"closed","template":"","meta":{"footnotes":""},"class_list":["post-38","page","type-page","status-publish","has-post-thumbnail","hentry"],"_links":{"self":[{"href":"https:\/\/cisterzienser-weingut.de\/en\/wp-json\/wp\/v2\/pages\/38"}],"collection":[{"href":"https:\/\/cisterzienser-weingut.de\/en\/wp-json\/wp\/v2\/pages"}],"about":[{"href":"https:\/\/cisterzienser-weingut.de\/en\/wp-json\/wp\/v2\/types\/page"}],"author":[{"embeddable":true,"href":"https:\/\/cisterzienser-weingut.de\/en\/wp-json\/wp\/v2\/users\/1"}],"replies":[{"embeddable":true,"href":"https:\/\/cisterzienser-weingut.de\/en\/wp-json\/wp\/v2\/comments?post=38"}],"version-history":[{"count":3,"href":"https:\/\/cisterzienser-weingut.de\/en\/wp-json\/wp\/v2\/pages\/38\/revisions"}],"predecessor-version":[{"id":1081,"href":"https:\/\/cisterzienser-weingut.de\/en\/wp-json\/wp\/v2\/pages\/38\/revisions\/1081"}],"up":[{"embeddable":true,"href":"https:\/\/cisterzienser-weingut.de\/en\/wp-json\/wp\/v2\/pages\/34"}],"wp:featuredmedia":[{"embeddable":true,"href":"https:\/\/cisterzienser-weingut.de\/en\/wp-json\/wp\/v2\/media\/219"}],"wp:attachment":[{"href":"https:\/\/cisterzienser-weingut.de\/en\/wp-json\/wp\/v2\/media?parent=38"}],"curies":[{"name":"wp","href":"https:\/\/api.w.org\/{rel}","templated":true}]}}