{"id":34,"date":"2019-07-10T10:11:58","date_gmt":"2019-07-10T08:11:58","guid":{"rendered":"https:\/\/cisterzienser-weingut.de\/?page_id=34"},"modified":"2021-02-02T13:34:53","modified_gmt":"2021-02-02T12:34:53","slug":"our-wines","status":"publish","type":"page","link":"https:\/\/cisterzienser-weingut.de\/en\/our-wines\/","title":{"rendered":"Our wines"},"content":{"rendered":"<section class=\"content-section tbe-module-section tbe-custom-background-color tbe-custom-background-color-hellgrau\">\n<div class=\"grid tbe-module-grid\">\n<div class=\"row\">\n<div class=\"col desktop-12 tablet-12 phablet-12 phone-12 tbe-module-product-page-teaser\">\n<div class=\"page-teaser-module page-teaser-direction-right is-product-teaser\" id=\"page-teaser-module-59\">\n    <div class=\"row center middle\">\n        <div class=\"col desktop-5 tablet-5 phablet-12 phone-12 page-teaser-image-column\">\n            \n            <div class=\"page-teaser-image-container\">\n                                    <div class=\"page-teaser-image bg-texture-inner-shadow bg-texture-gold\"><\/div>\n                    <div class=\"product-image\" style=\"background-image: url('https:\/\/cisterzienser-weingut.de\/en\/wp-content\/uploads\/sites\/2\/2019\/07\/507_Spaetburgunder-S-trocken.png')\"><\/div>\n                            <\/div>\n\n        <\/div>\n        <div class=\"col desktop-7 tablet-7 phablet-12 phone-12 page-teaser-text-column\">\n            <p class=\"overline-h2\">Our Lagenweine \u2013 our finest wines from one single vineyard site<\/p>\n<h2 id='deep-clay-is-our-highest-value'>Deep clay is our highest value<\/h2>\n<p>Manifold, well-balanced: Sounds good? We agree with that. Deep clay soils, lime stone, clay loam soil, and iron ore, just to name a few: Our vineyards with their different soil types stretch over the best vineyard sites of the Rheinhessen region. That\u2019s reason enough to meet our superior wines.<\/p>\n<p><a class=\"arrow-link\" href=\"https:\/\/cisterzienser-weingut.de\/en\/our-wines\/lagenweine\/\">have a look at our Lagenweine<\/a><\/p>\n                    <\/div>\n    <\/div>\n<\/div>\n<\/div>\n<\/div>\n<\/div>\n<\/section>\n<section class=\"content-section tbe-module-section tbe-custom-background-color tbe-custom-background-color-weiss\">\n<div class=\"grid tbe-module-grid\">\n<div class=\"row gutter-h-120\">\n<div class=\"col desktop-12 tablet-12 phablet-12 phone-12 tbe-module-product-page-teaser\">\n<div class=\"page-teaser-module page-teaser-direction-default is-product-teaser\" id=\"page-teaser-module-151\">\n    <div class=\"row center middle\">\n        <div class=\"col desktop-5 tablet-5 phablet-12 phone-12 page-teaser-image-column\">\n            \n            <div class=\"page-teaser-image-container\">\n                                    <div class=\"page-teaser-image bg-texture-inner-shadow bg-texture-copper\"><\/div>\n                    <div class=\"product-image\" style=\"background-image: url('https:\/\/cisterzienser-weingut.de\/en\/wp-content\/uploads\/sites\/2\/2019\/07\/502_Chardonnay-trocken.png')\"><\/div>\n                            <\/div>\n\n        <\/div>\n        <div class=\"col desktop-7 tablet-7 phablet-12 phone-12 page-teaser-text-column\">\n            <p class=\"overline-h2\">Our Ortsweine \u2013 our high-quality wines, influenced by the typical local terroir<\/p>\n<h2 id='you-cant-bottle-wine-without-receiving-compliments' id=\"wo-gefuellt-wird-fallen-komplimente-cfcd208495d565ef66e7dff9f98764da\">You can\u2019t bottle wine without receiving compliments<\/h2>\n<p>Viticulture is craftsmanship. With our well-known German Fingerspitzengef\u00fchl, namely tact and sensitivity, we meticulously take care of what is predetermined by our local nature. Very nicely done, by the way: Nature has done an excellent job. When we bottle our Cistercian Ortsweine, we always add a bit of the Rheinhessen region, the Wonnegau area, and of our village He\u00dfloch. What does it taste like? The best way to find out &#8211; just try it!<\/p>\n<p><a class=\"arrow-link\" href=\"https:\/\/cisterzienser-weingut.de\/en\/our-wines\/ortsweine\/\">have a look at our Ortsweine<\/a><\/p>\n                    <\/div>\n    <\/div>\n<\/div>\n<\/div>\n<div class=\"col desktop-12 tablet-12 phablet-12 phone-12 tbe-module-product-page-teaser\">\n<div class=\"page-teaser-module page-teaser-direction-right is-product-teaser\" id=\"page-teaser-module-153\">\n    <div class=\"row center middle\">\n        <div class=\"col desktop-5 tablet-5 phablet-12 phone-12 page-teaser-image-column\">\n            \n            <div class=\"page-teaser-image-container\">\n                                    <div class=\"page-teaser-image bg-texture-inner-shadow bg-texture-violet\"><\/div>\n                    <div class=\"product-image\" style=\"background-image: url('https:\/\/cisterzienser-weingut.de\/en\/wp-content\/uploads\/sites\/2\/2019\/07\/403_Grauer-Burgunder-trocken-Weisser-Stein.png')\"><\/div>\n                            <\/div>\n\n        <\/div>\n        <div class=\"col desktop-7 tablet-7 phablet-12 phone-12 page-teaser-text-column\">\n            <p class=\"overline-h2\">Our Gutsweine \u2013 grown in the estate\u2019s own vineyards<\/p>\n<h2 id='its-only-logical-gutsweine-are-good-wines'>It\u2019s only logical: Gutsweine are good wines<\/h2>\n<p>They are good as they come along with a very down-to-earth character. Gutsweine are served in a pleasantly laid-back way, whenever people simply want to savour a good glass of wine. People like you and people like us. Whenever pizza or pasta is served, whenever friends sit together, whenever a busy day is rounded off in an easy-going manner.<\/p>\n<p><a class=\"arrow-link\" href=\"https:\/\/cisterzienser-weingut.de\/en\/our-wines\/gutsweine\/\">have a look at our Gutsweine<\/a><\/p>\n                    <\/div>\n    <\/div>\n<\/div>\n<\/div>\n<div class=\"col desktop-12 tablet-12 phablet-12 phone-12 tbe-module-product-page-teaser\">\n<div class=\"page-teaser-module page-teaser-direction-default is-product-teaser\" id=\"page-teaser-module-157\">\n    <div class=\"row center middle\">\n        <div class=\"col desktop-5 tablet-5 phablet-12 phone-12 page-teaser-image-column\">\n            \n            <div class=\"page-teaser-image-container\">\n                                    <div class=\"page-teaser-image bg-texture-inner-shadow bg-texture-champagner\"><\/div>\n                    <div class=\"product-image\" style=\"background-image: url('https:\/\/cisterzienser-weingut.de\/en\/wp-content\/uploads\/sites\/2\/2019\/07\/902_Riesling-extra-trocken.png')\"><\/div>\n                            <\/div>\n\n        <\/div>\n        <div class=\"col desktop-7 tablet-7 phablet-12 phone-12 page-teaser-text-column\">\n            <p class=\"overline-h2\">Our Sparkling Wine and Secco<\/p>\n<h2 id='complex-concentrated-and-made-for-crackling-moments'>Complex, concentrated and made for crackling moments<\/h2>\n<p>Something to celebrate, a moment to pause, in pairs, with various guests or just by oneself: There is always a perfect excuse &#8211; and always a superior wine, too. Our sparkling wines are slightly fizzy companions &#8211; in the right spot, at the right time. Feel free to let special moments melt in your mouth.<\/p>\n<p><a class=\"arrow-link\" href=\"https:\/\/cisterzienser-weingut.de\/en\/our-wines\/sparkling-wine-and-secco\/\">have a look at our Sparkling Wine and Secco<\/a><\/p>\n                    <\/div>\n    <\/div>\n<\/div>\n<\/div>\n<div class=\"col desktop-12 tablet-12 phablet-12 phone-12 tbe-module-product-page-teaser\">\n<div class=\"page-teaser-module page-teaser-direction-right is-product-teaser\" id=\"page-teaser-module-161\">\n    <div class=\"row center middle\">\n        <div class=\"col desktop-5 tablet-5 phablet-12 phone-12 page-teaser-image-column\">\n            \n            <div class=\"page-teaser-image-container\">\n                                    <div class=\"page-teaser-image bg-texture-inner-shadow bg-texture-neutral\"><\/div>\n                    <div class=\"product-image\" style=\"background-image: url('https:\/\/cisterzienser-weingut.de\/en\/wp-content\/uploads\/sites\/2\/2019\/07\/411_C-You-21.png')\"><\/div>\n                            <\/div>\n\n        <\/div>\n        <div class=\"col desktop-7 tablet-7 phablet-12 phone-12 page-teaser-text-column\">\n            <p class=\"overline-h2\">Our Specials<\/p>\n<h2 id='actually-weve-got-something-for-you'>Actually, we\u2019ve got something for you<\/h2>\n<p>Relaxed moments, best friends: Our Specials are wines that always go down well, that give keen enjoyment at all times and taste of high spirits.<\/p>\n<p><a class=\"arrow-link\" href=\"https:\/\/cisterzienser-weingut.de\/en\/our-wines\/specials\/\">explore our Specials<\/a><\/p>\n                    <\/div>\n    <\/div>\n<\/div>\n<\/div>\n<div class=\"col desktop-12 tablet-12 phablet-12 phone-12 tbe-module-product-page-teaser\">\n<div class=\"page-teaser-module page-teaser-direction-default is-product-teaser\" id=\"page-teaser-module-159\">\n    <div class=\"row center middle\">\n        <div class=\"col desktop-5 tablet-5 phablet-12 phone-12 page-teaser-image-column\">\n            \n            <div class=\"page-teaser-image-container\">\n                                    <div class=\"page-teaser-image bg-texture-inner-shadow bg-texture-neutral\"><\/div>\n                    <div class=\"product-image\" style=\"background-image: url('https:\/\/cisterzienser-weingut.de\/en\/wp-content\/uploads\/sites\/2\/2020\/01\/Probierpaket_Trockene-Tatsachen.png')\"><\/div>\n                            <\/div>\n\n        <\/div>\n        <div class=\"col desktop-7 tablet-7 phablet-12 phone-12 page-teaser-text-column\">\n            <p class=\"overline-h2\">Our mixed wine cases<\/p>\n<h2 id='are-you-ready-for-your-new-favourites'>Are you ready for your new favourites?<\/h2>\n<p>What a choice, what a variety! You are not quite sure yet which Cistercian wine is the one for you? We are consistently selecting wines for our mixed wine cases, especially for you to try and explore.<\/p>\n<p><a class=\"arrow-link\" href=\"https:\/\/cisterzienser-weingut.de\/en\/our-wines\/mixed-wine-cases\/\">our mixed wine cases<\/a><\/p>\n                    <\/div>\n    <\/div>\n<\/div>\n<\/div>\n<\/div>\n<\/div>\n<\/section>\n","protected":false},"excerpt":{"rendered":"<p>Unsere Weine leben vom Kontrast. Sinnlichkeit und Kraft, Geschichte und ein Gef\u00fchl f\u00fcr Modernes, einfach gut und raffinierte Vielschichtigkeit: In Flaschen gef\u00fcllt, im Herzen verankert.<\/p>\n","protected":false},"author":1,"featured_media":753,"parent":0,"menu_order":10,"comment_status":"closed","ping_status":"closed","template":"","meta":{"footnotes":""},"class_list":["post-34","page","type-page","status-publish","has-post-thumbnail","hentry"],"_links":{"self":[{"href":"https:\/\/cisterzienser-weingut.de\/en\/wp-json\/wp\/v2\/pages\/34"}],"collection":[{"href":"https:\/\/cisterzienser-weingut.de\/en\/wp-json\/wp\/v2\/pages"}],"about":[{"href":"https:\/\/cisterzienser-weingut.de\/en\/wp-json\/wp\/v2\/types\/page"}],"author":[{"embeddable":true,"href":"https:\/\/cisterzienser-weingut.de\/en\/wp-json\/wp\/v2\/users\/1"}],"replies":[{"embeddable":true,"href":"https:\/\/cisterzienser-weingut.de\/en\/wp-json\/wp\/v2\/comments?post=34"}],"version-history":[{"count":3,"href":"https:\/\/cisterzienser-weingut.de\/en\/wp-json\/wp\/v2\/pages\/34\/revisions"}],"predecessor-version":[{"id":1001,"href":"https:\/\/cisterzienser-weingut.de\/en\/wp-json\/wp\/v2\/pages\/34\/revisions\/1001"}],"wp:featuredmedia":[{"embeddable":true,"href":"https:\/\/cisterzienser-weingut.de\/en\/wp-json\/wp\/v2\/media\/753"}],"wp:attachment":[{"href":"https:\/\/cisterzienser-weingut.de\/en\/wp-json\/wp\/v2\/media?parent=34"}],"curies":[{"name":"wp","href":"https:\/\/api.w.org\/{rel}","templated":true}]}}