{"id":206,"date":"2020-01-30T11:43:53","date_gmt":"2020-01-30T10:43:53","guid":{"rendered":"https:\/\/cisterzienser-weingut.de\/?page_id=206"},"modified":"2023-02-13T13:08:03","modified_gmt":"2023-02-13T12:08:03","slug":"the-wine-growing-estate","status":"publish","type":"page","link":"https:\/\/cisterzienser-weingut.de\/en\/the-wine-growing-estate\/","title":{"rendered":"The wine-growing estate"},"content":{"rendered":"<section class=\"content-section tbe-module-section tbe-custom-background-color\">\n<div class=\"grid tbe-module-grid\">\n<div class=\"row\">\n<div class=\"col phablet-12 phone-12 tbe-module-text-column tbe-module-marginal-column-right desktop-8 tablet-8\" data-columns=\"1\">\n<p class=\"overline-h1\">Cistercian wine-growing estate<\/p>\n<h1 id='with-c-at-the-beginning-with-character-inside'>With C at the beginning, with character inside<\/h1>\n<p>Character and charm, competence and creativity, expertise and esteem: All that is packed into our wines. You can even taste it.With every bottle and every sip you will get to know us somewhat better. Even though wines are the focus of our work, hands and wits are also needed to grow and mature them.<\/p>\n<p>We are the Michel family: Karen, Ulrich, and four children. For 8 generations the wine-growing estate, which was founded in the year 1173 by the Cistercian monastery at Otterberg, affiliated monastery of the famous Eberbach Monastery, has been run by the Michel family. The monks left, the wine has persisted. Since 1645, the wine-growing estate has been managed by our ancestors and in 1780 it became our property. What has also remained is the German Fingerspitzengef\u00fchl, namely our family sense of history, paired with a pioneering spirit which is mainspring of our work.<\/p>\n<\/div>\n<div class=\"col phablet-12 phone-12 tbe-module-aspect-ratio-column desktop-4 tablet-4 tbe-custom-background-image hide-phone hide-phablet\" style=\"background-position: 50% 50%; background-size: contain;\">\n<div class=\"aspect-ratio\" style=\"--tbe-aspect-ratio-x: 16; --tbe-aspect-ratio-y: 9; aspect-ratio: var(--tbe-aspect-ratio-x, 16) \/ var(--tbe-aspect-ratio-y, 9);\"><\/div>\n<\/div>\n<\/div>\n<\/div>\n<div class=\"grid tbe-module-grid\">\n<div class=\"row middle gutter-h-120\">\n<div class=\"col desktop-12 tablet-12 phablet-12 phone-12 tbe-module-team-member-column\">\n<div class=\"team-member team-member-324 appearance-default has-image\" id=\"team-member-324\">\n    <div class=\"row middle\">\n                    <div class=\"col desktop-5 tablet-5 phablet-12 phone-12 team-member-portrait-column\">\n                <img decoding=\"async\" src=\"https:\/\/cisterzienser-weingut.de\/en\/wp-content\/uploads\/sites\/2\/2020\/02\/portrait-ulrich-michel.jpg\" alt=\"Ulrich Michel\" width=\"100%\" height=\"auto\">\n            <\/div>\n                <div class=\"col desktop-7 tablet-7 phablet-12 phone-12 team-member-text-column\">\n                            <h3 class=\"team-member-title\">Ulrich Michel<\/h3>\n                        <div class=\"team-member-text margin-fix\">\n                <blockquote>\n<p>My studies of oenology at Geisenheim as well as several months in New Zealand and South-Africa strengthened my belief: It\u2019s indeed the vineyard site that matters. I\u2019ve got an intimate knowledge of our vineyard sites here in the Wonnegau area, I\u2019m conscious of their strengths, and I know how they want to be treated. Even if nature is consistently taking us by surprise and challenging us: we make an unbeatable team. And that is also true for the whole Michel family.<\/p>\n<\/blockquote>\n\n                            <\/div>\n        <\/div>\n    <\/div>\n<\/div>\n\n<\/div>\n<div class=\"col desktop-12 tablet-12 phablet-12 phone-12 tbe-module-team-member-column\">\n<div class=\"team-member team-member-326 appearance-default has-image\" id=\"team-member-326\">\n    <div class=\"row middle\">\n                    <div class=\"col desktop-5 tablet-5 phablet-12 phone-12 team-member-portrait-column\">\n                <img decoding=\"async\" src=\"https:\/\/cisterzienser-weingut.de\/en\/wp-content\/uploads\/sites\/2\/2020\/02\/portrait-karen-michel.jpg\" alt=\"Karen Michel\" width=\"100%\" height=\"auto\">\n            <\/div>\n                <div class=\"col desktop-7 tablet-7 phablet-12 phone-12 team-member-text-column\">\n                            <h3 class=\"team-member-title\">Karen Michel<\/h3>\n                        <div class=\"team-member-text margin-fix\">\n                <blockquote>\n<p>\u2018From far up North to Rheinhessen &#8211; why are you doing that?\u2018, they\u2019ve asked me many times and I\u2019ve answered with love and passion. For my husband, my children, the vineyard sites, for nature. After having completed my studies of Agricultural Science, the terroir in He\u00dfloch is setting the tone today. And of course our offspring.<\/p>\n<\/blockquote>\n\n                            <\/div>\n        <\/div>\n    <\/div>\n<\/div>\n\n<\/div>\n<\/div>\n<\/div>\n<\/section>\n<section class=\"content-section tbe-module-section tbe-custom-background-color\">\n<div class=\"grid tbe-module-grid\">\n<div class=\"row\">\n<div class=\"col phablet-12 phone-12 tbe-module-text-column tbe-module-marginal-column-right desktop-5 tablet-5\" data-columns=\"1\">\n<h2 id='others-call-it-authenticity-we-call-it-life'>Others call it authenticity, we call it life<\/h2>\n<p>As the native soil is the foundation of our work, we are closely attached to nature and our earth. Conditions in the vineyard sites are never the same, neither are we. Dynamics come natural.<\/p>\n<\/div>\n<div class=\"col tbe-module-text-column desktop-7 tablet-7 phablet-6 phone-6\" data-columns=\"1\">\n<p><a href=\"https:\/\/cisterzienser-weingut.de\/wp-content\/uploads\/2020\/04\/cz_family_01.jpg\"><img loading=\"lazy\" decoding=\"async\" class=\"alignnone wp-image-598 size-full\" src=\"https:\/\/cisterzienser-weingut.de\/wp-content\/uploads\/2020\/04\/cz_family_01.jpg\" alt=\"\" width=\"1200\" height=\"762\"><\/a><\/p>\n<\/div>\n<div class=\"col tbe-module-text-column desktop-7 tablet-7 phablet-6 phone-6\" data-columns=\"1\">\n<p><a href=\"https:\/\/cisterzienser-weingut.de\/wp-content\/uploads\/2020\/04\/cz_family_02.jpg\"><img loading=\"lazy\" decoding=\"async\" class=\"alignnone wp-image-599 size-full\" src=\"https:\/\/cisterzienser-weingut.de\/wp-content\/uploads\/2020\/04\/cz_family_02.jpg\" alt=\"\" width=\"1200\" height=\"762\"><\/a><\/p>\n<\/div>\n<div class=\"col tbe-module-text-column desktop-7 tablet-7 phablet-6 phone-6 offset-desktop-5 offset-tablet-5\" data-columns=\"1\">\n<p><a href=\"https:\/\/cisterzienser-weingut.de\/wp-content\/uploads\/2020\/04\/cz_family_03.jpg\"><img loading=\"lazy\" decoding=\"async\" class=\"alignnone wp-image-600 size-full\" src=\"https:\/\/cisterzienser-weingut.de\/wp-content\/uploads\/2020\/04\/cz_family_03.jpg\" alt=\"\" width=\"1200\" height=\"762\"><\/a><\/p>\n<\/div>\n<div class=\"col tbe-module-text-column desktop-7 tablet-7 phablet-6 phone-6\" data-columns=\"1\">\n<p><a href=\"https:\/\/cisterzienser-weingut.de\/wp-content\/uploads\/2020\/04\/cz_family_06.jpg\"><img loading=\"lazy\" decoding=\"async\" class=\"alignnone size-full wp-image-605\" src=\"https:\/\/cisterzienser-weingut.de\/wp-content\/uploads\/2020\/04\/cz_family_06.jpg\" alt=\"\" width=\"1200\" height=\"762\"><\/a><\/p>\n<\/div>\n<\/div>\n<\/div>\n<\/section>\n<section class=\"content-section tbe-module-section tbe-custom-background-color\">\n<div class=\"grid tbe-module-grid\">\n<div class=\"row\">\n<div class=\"col phablet-12 phone-12 tbe-module-text-column desktop-12 tablet-12\" data-columns=\"1\">\n<h2 id='the-c-crew'>The C-Crew<\/h2>\n<\/div>\n<div class=\"col tbe-module-team-member-column phone-12 desktop-4 tablet-4 phablet-6\">\n<div class=\"team-member team-member-635 appearance-one-column has-image\" id=\"team-member-635\">\n    <div class=\"row middle\">\n                    <div class=\"col desktop-12 tablet-12 phablet-12 phone-12 team-member-portrait-column\">\n                <img decoding=\"async\" src=\"https:\/\/cisterzienser-weingut.de\/en\/wp-content\/uploads\/sites\/2\/2020\/04\/portrait-silke-fruth.jpg\" alt=\"Silke Fruth\" width=\"100%\" height=\"auto\">\n            <\/div>\n                <div class=\"col desktop-12 tablet-12 phablet-12 phone-12 team-member-text-column\">\n                            <h3 class=\"h4 team-member-title\">Silke Fruth<\/h3>\n                        <div class=\"team-member-text margin-fix\">\n                <p><span class=\"has-icon\" data-icon=\"wine-glass-outlined\"><strong>Deals with your orders<\/strong><\/span><\/p>\n<p>With S in front as in sympathetic, super-organized, stable. Central pillar in the office; also contact person for our customers and walking encyclopedia.<\/p>\n<p>With additional training as a culture and wine ambassador, she is always on duty for wine, sometimes also as a carnival singer &#8220;Lucrezia von Weinolsem&#8221;, but then with L in front.<\/p>\n\n                            <\/div>\n        <\/div>\n    <\/div>\n<\/div>\n\n<\/div>\n<div class=\"col tbe-module-team-member-column phone-12 desktop-4 tablet-4 phablet-6\">\n<div class=\"team-member team-member-637 appearance-one-column has-image\" id=\"team-member-637\">\n    <div class=\"row middle\">\n                    <div class=\"col desktop-12 tablet-12 phablet-12 phone-12 team-member-portrait-column\">\n                <img decoding=\"async\" src=\"https:\/\/cisterzienser-weingut.de\/en\/wp-content\/uploads\/sites\/2\/2020\/04\/portrait-isabel-feth.jpg\" alt=\"Isabel Feth\" width=\"100%\" height=\"auto\">\n            <\/div>\n                <div class=\"col desktop-12 tablet-12 phablet-12 phone-12 team-member-text-column\">\n                            <h3 class=\"h4 team-member-title\">Isabel Feth<\/h3>\n                        <div class=\"team-member-text margin-fix\">\n                <p><span class=\"has-icon\" data-icon=\"wine-glass-outlined\"><strong>Deals with your orders<\/strong><\/span><\/p>\n<p>With I in front, so always charming (in customer service and in making customer wishes possible), in the commitment to us, our customers and from the heart for her family, infected by the four-legged gene (&#8220;Life without a pug is possible, but pointless!&#8221;).<\/p>\n<p>Whenever possible, she is the wine tasting queen.<\/p>\n\n                            <\/div>\n        <\/div>\n    <\/div>\n<\/div>\n\n<\/div>\n<div class=\"col tbe-module-team-member-column phone-12 desktop-4 tablet-4 phablet-6\">\n<div class=\"team-member team-member-836 appearance-one-column has-image\" id=\"team-member-836\">\n    <div class=\"row middle\">\n                    <div class=\"col desktop-12 tablet-12 phablet-12 phone-12 team-member-portrait-column\">\n                <img decoding=\"async\" src=\"https:\/\/cisterzienser-weingut.de\/en\/wp-content\/uploads\/sites\/2\/2020\/06\/portrait_Ilona-Balzhauser.jpg\" alt=\"Ilona Balzh\u00e4user\" width=\"100%\" height=\"auto\">\n            <\/div>\n                <div class=\"col desktop-12 tablet-12 phablet-12 phone-12 team-member-text-column\">\n                            <h3 class=\"h4 team-member-title\">Ilona Balzh\u00e4user<\/h3>\n                        <div class=\"team-member-text margin-fix\">\n                <p><span class=\"has-icon\" data-icon=\"wine-glass-outlined\"><strong>Deals with your orders<\/strong><\/span><\/p>\n<p>With I in front (like so many of us): interested (in the wishes that our customers send us by phone and e-mail), working with her sister (and her own catering service), internally connected (the last name, wasn&#8217;t it? That&#8217;s right, Lucas&#8217; mother).<\/p>\n\n                            <\/div>\n        <\/div>\n    <\/div>\n<\/div>\n\n<\/div>\n<div class=\"col tbe-module-team-member-column phone-12 desktop-4 tablet-4 phablet-6\">\n<div class=\"team-member team-member-639 appearance-one-column has-image\" id=\"team-member-639\">\n    <div class=\"row middle\">\n                    <div class=\"col desktop-12 tablet-12 phablet-12 phone-12 team-member-portrait-column\">\n                <img decoding=\"async\" src=\"https:\/\/cisterzienser-weingut.de\/en\/wp-content\/uploads\/sites\/2\/2020\/04\/portrait_Helga-Schnabel.jpg\" alt=\"Helga Schnabel\" width=\"100%\" height=\"auto\">\n            <\/div>\n                <div class=\"col desktop-12 tablet-12 phablet-12 phone-12 team-member-text-column\">\n                            <h3 class=\"h4 team-member-title\">Helga Schnabel<\/h3>\n                        <div class=\"team-member-text margin-fix\">\n                <p><span class=\"has-icon\" data-icon=\"coins\"><strong>Accounting<\/strong><\/span><\/p>\n<p>With H in front: namely with heart, with hand, with help. Our longest-serving employee brings us through the daily routine with experience and calm, grabs us by the collar now and then or reminds us to be careful.<\/p>\n<p>As a Vinissima member and with her own winery, she knows how things work &#8211; and feels like our &#8220;big sister&#8221;.<\/p>\n\n                            <\/div>\n        <\/div>\n    <\/div>\n<\/div>\n\n<\/div>\n<div class=\"col tbe-module-team-member-column phone-12 desktop-4 tablet-4 phablet-6\">\n<div class=\"team-member team-member-1332 appearance-one-column has-image\" id=\"team-member-1332\">\n    <div class=\"row middle\">\n                    <div class=\"col desktop-12 tablet-12 phablet-12 phone-12 team-member-portrait-column\">\n                <img decoding=\"async\" src=\"https:\/\/cisterzienser-weingut.de\/en\/wp-content\/uploads\/sites\/2\/2023\/02\/portrait_Ingrid-Karius.jpg\" alt=\"Ingrid Karius\" width=\"100%\" height=\"auto\">\n            <\/div>\n                <div class=\"col desktop-12 tablet-12 phablet-12 phone-12 team-member-text-column\">\n                            <h3 class=\"h4 team-member-title\">Ingrid Karius<\/h3>\n                        <div class=\"team-member-text margin-fix\">\n                <p><span class=\"has-icon\" data-icon=\"wine-glass-outlined\"><strong>Sales force<\/strong><\/span><\/p>\n<p>With I in front, meaning: inspiration, intuition, identification. Our face in the front line, our trade fair queen, incredible networker. Her flair for good external presentation fascinates us, her commitment to and with customers inspires us.<\/p>\n<p>Sales talent and Vinissima member.<\/p>\n\n                            <\/div>\n        <\/div>\n    <\/div>\n<\/div>\n\n<\/div>\n<div class=\"col tbe-module-team-member-column phone-12 desktop-4 tablet-4 phablet-6\">\n<div class=\"team-member team-member-644 appearance-one-column has-image\" id=\"team-member-644\">\n    <div class=\"row middle\">\n                    <div class=\"col desktop-12 tablet-12 phablet-12 phone-12 team-member-portrait-column\">\n                <img decoding=\"async\" src=\"https:\/\/cisterzienser-weingut.de\/en\/wp-content\/uploads\/sites\/2\/2020\/04\/portrait-michael-erbeldinger.jpg\" alt=\"Michael Erbeldinger\" width=\"100%\" height=\"auto\">\n            <\/div>\n                <div class=\"col desktop-12 tablet-12 phablet-12 phone-12 team-member-text-column\">\n                            <h3 class=\"h4 team-member-title\">Michael Erbeldinger<\/h3>\n                        <div class=\"team-member-text margin-fix\">\n                <p><span class=\"has-icon\" data-icon=\"grapes-outlined\"><strong>Works in the vineyard sites<\/strong><\/span><\/p>\n<p>With M in front, for example, for master (definitely in grapevine cutting; unfortunately not in soccer, although his reputation as a former uncompromising front runner still precedes him), doer, motivator.<\/p>\n<p>His valuable professional experience always moves us forward, his dry humor makes us laugh.<\/p>\n\n                            <\/div>\n        <\/div>\n    <\/div>\n<\/div>\n\n<\/div>\n<div class=\"col tbe-module-team-member-column phone-12 desktop-4 tablet-4 phablet-6\">\n<div class=\"team-member team-member-646 appearance-one-column has-image\" id=\"team-member-646\">\n    <div class=\"row middle\">\n                    <div class=\"col desktop-12 tablet-12 phablet-12 phone-12 team-member-portrait-column\">\n                <img decoding=\"async\" src=\"https:\/\/cisterzienser-weingut.de\/en\/wp-content\/uploads\/sites\/2\/2020\/04\/portrait-lucas-andre.jpg\" alt=\"Lukas Andre\" width=\"100%\" height=\"auto\">\n            <\/div>\n                <div class=\"col desktop-12 tablet-12 phablet-12 phone-12 team-member-text-column\">\n                            <h3 class=\"h4 team-member-title\">Lukas Andre<\/h3>\n                        <div class=\"team-member-text margin-fix\">\n                <p><span class=\"has-icon\" data-icon=\"grapes-outlined\"><strong>Works in the vineyard sites<\/strong><\/span><\/p>\n<p>With an L in front &#8211; like legendary (his dry humor), passionate (a vintner out of shot and grain, as the saying goes), loden green (because he is a committed hunter). An internship with us did not deter him, on the contrary.<\/p>\n<p>A rock in the surf, on which we can always build.<\/p>\n\n                            <\/div>\n        <\/div>\n    <\/div>\n<\/div>\n\n<\/div>\n<div class=\"col tbe-module-team-member-column phone-12 desktop-4 tablet-4 phablet-6\">\n<div class=\"team-member team-member-648 appearance-one-column has-image\" id=\"team-member-648\">\n    <div class=\"row middle\">\n                    <div class=\"col desktop-12 tablet-12 phablet-12 phone-12 team-member-portrait-column\">\n                <img decoding=\"async\" src=\"https:\/\/cisterzienser-weingut.de\/en\/wp-content\/uploads\/sites\/2\/2020\/04\/portrait-benjamin-serban.jpg\" alt=\"Benjamin Serban\" width=\"100%\" height=\"auto\">\n            <\/div>\n                <div class=\"col desktop-12 tablet-12 phablet-12 phone-12 team-member-text-column\">\n                            <h3 class=\"h4 team-member-title\">Benjamin Serban<\/h3>\n                        <div class=\"team-member-text margin-fix\">\n                <p><span class=\"has-icon\" data-icon=\"grapes-outlined\"><strong>Works in the vineyard sites<\/strong><\/span><\/p>\n<p>With B in front and thus representative of our best: all the good spirits from Eastern Europe who support us throughout the wine year.<\/p>\n<p>Benjamin has been coming to us with his wife and other relatives for many years now, and even a pandemic doesn&#8217;t stop him from helping out in the vineyard and cellar.<\/p>\n\n                            <\/div>\n        <\/div>\n    <\/div>\n<\/div>\n\n<\/div>\n<div class=\"col tbe-module-team-member-column phone-12 desktop-4 tablet-4 phablet-6\">\n<div class=\"team-member team-member-798 appearance-one-column has-image\" id=\"team-member-798\">\n    <div class=\"row middle\">\n                    <div class=\"col desktop-12 tablet-12 phablet-12 phone-12 team-member-portrait-column\">\n                <img decoding=\"async\" src=\"https:\/\/cisterzienser-weingut.de\/en\/wp-content\/uploads\/sites\/2\/2020\/05\/portrait_Lukas-Balzhauser.jpg\" alt=\"Lukas Balzh\u00e4user\" width=\"100%\" height=\"auto\">\n            <\/div>\n                <div class=\"col desktop-12 tablet-12 phablet-12 phone-12 team-member-text-column\">\n                            <h3 class=\"h4 team-member-title\">Lukas Balzh\u00e4user<\/h3>\n                        <div class=\"team-member-text margin-fix\">\n                <p><span class=\"has-icon\" data-icon=\"grapes-outlined\"><strong>Works in the vineyard sites<\/strong><\/span><\/p>\n<p>With L in front for Lucky (his nickname, whether that also stands for bull&#8217;s eye of the passionate hunter? We&#8217;ll have to ask), laughing (he&#8217;s a real cheerful guy), a change of air (he spent two months in South Africa in 2020, precisely at the winery where Ulrich gained his experience abroad 20 years earlier).<\/p>\n\n                            <\/div>\n        <\/div>\n    <\/div>\n<\/div>\n\n<\/div>\n<div class=\"col tbe-module-team-member-column phone-12 desktop-4 tablet-4 phablet-6\">\n<div class=\"team-member team-member-1322 appearance-one-column has-image\" id=\"team-member-1322\">\n    <div class=\"row middle\">\n                    <div class=\"col desktop-12 tablet-12 phablet-12 phone-12 team-member-portrait-column\">\n                <img decoding=\"async\" src=\"https:\/\/cisterzienser-weingut.de\/en\/wp-content\/uploads\/sites\/2\/2023\/02\/portrait_Gerhold-Kranz.jpg\" alt=\"Gerhold Kranz\" width=\"100%\" height=\"auto\">\n            <\/div>\n                <div class=\"col desktop-12 tablet-12 phablet-12 phone-12 team-member-text-column\">\n                            <h3 class=\"h4 team-member-title\">Gerhold Kranz<\/h3>\n                        <div class=\"team-member-text margin-fix\">\n                <p><span class=\"has-icon\" data-icon=\"grapes-outlined\"><strong>In the vineyard<\/strong><\/span><\/p>\n<p>With G in front as in boundless good humor &#8211; every morning he comes tirelessly whistling to the farm with a funny little song on his lips. He is also an enthusiastic dancer, a passionate singer and has rhythm in his blood, especially his biorhythm. He has been infected by us and is also converting his winery to organic farming as a sideline.<\/p>\n<p>He works exclusively in the vineyards: he feels most at home in nature and whistles with the birds.<\/p>\n\n                            <\/div>\n        <\/div>\n    <\/div>\n<\/div>\n\n<\/div>\n<div class=\"col tbe-module-team-member-column phone-12 desktop-4 tablet-4 phablet-6\">\n<div class=\"team-member team-member-840 appearance-one-column has-image\" id=\"team-member-840\">\n    <div class=\"row middle\">\n                    <div class=\"col desktop-12 tablet-12 phablet-12 phone-12 team-member-portrait-column\">\n                <img decoding=\"async\" src=\"https:\/\/cisterzienser-weingut.de\/en\/wp-content\/uploads\/sites\/2\/2020\/06\/portrait_Armin.jpg\" alt=\"Armin H\u00f6hn\" width=\"100%\" height=\"auto\">\n            <\/div>\n                <div class=\"col desktop-12 tablet-12 phablet-12 phone-12 team-member-text-column\">\n                            <h3 class=\"h4 team-member-title\">Armin H\u00f6hn<\/h3>\n                        <div class=\"team-member-text margin-fix\">\n                <p><span class=\"has-icon\" data-icon=\"grapes-outlined\"><strong>Vineyard rescue<\/strong><\/span><\/p>\n<p>With A in front like Allesk\u00f6nner, Alleskenner, Allesinordnungbringer. As a gifted craftsman and multi-talent personified, he is at our side with help and advice &#8211; and has been for so long that he already helped out at Ulrich&#8217;s parents&#8217; house when he was a teenager.<\/p>\n<p>In the &#8220;C-Crew&#8221; he is secretly and reverently called &#8220;Arminsolution&#8221;<\/p>\n\n                            <\/div>\n        <\/div>\n    <\/div>\n<\/div>\n\n<\/div>\n<div class=\"col tbe-module-team-member-column phone-12 desktop-4 tablet-4 phablet-6\">\n<div class=\"team-member team-member-1328 appearance-one-column has-image\" id=\"team-member-1328\">\n    <div class=\"row middle\">\n                    <div class=\"col desktop-12 tablet-12 phablet-12 phone-12 team-member-portrait-column\">\n                <img decoding=\"async\" src=\"https:\/\/cisterzienser-weingut.de\/en\/wp-content\/uploads\/sites\/2\/2023\/02\/portrait_Jutta-Jochem.jpg\" alt=\"Jutta Jochem\" width=\"100%\" height=\"auto\">\n            <\/div>\n                <div class=\"col desktop-12 tablet-12 phablet-12 phone-12 team-member-text-column\">\n                            <h3 class=\"h4 team-member-title\">Jutta Jochem<\/h3>\n                        <div class=\"team-member-text margin-fix\">\n                <p><span class=\"has-icon\" data-icon=\"grapes-outlined\"><strong>Backstage<\/strong><\/span><\/p>\n<p>With a double J in front like JA and JUHU: We are so happy that our house fairy Jutta is now swinging the scepter (or the wooden spoon, the flour bag and more) backstage with us. For 20 years she managed her own catering business until her friend Isabel Feth brought her to us. Thanks in part to her experience in the Mensa, she keeps us on our toes and provides us with heart and a knack for daily hullabaloo as a trained home economics master, excellent cook, ambitious bread baker and potential horse thief.<\/p>\n\n                            <\/div>\n        <\/div>\n    <\/div>\n<\/div>\n\n<\/div>\n<\/div>\n<\/div>\n<\/section>\n<section class=\"content-section tbe-module-section tbe-custom-background-color\">\n<div class=\"grid tbe-module-grid\">\n<div class=\"row gutter-h-120\">\n<div class=\"col desktop-12 tablet-12 phablet-12 phone-12 tbe-module-page-teaser\">\n<div class=\"page-teaser-module page-teaser-direction-default\" id=\"page-teaser-module-51\">\n    <div class=\"row center middle\">\n        <div class=\"col desktop-5 tablet-5 phablet-12 phone-12 page-teaser-image-column\">\n            \n            <div class=\"page-teaser-image-container\">\n                                    <div class=\"page-teaser-image\" style=\"background-image: url('https:\/\/cisterzienser-weingut.de\/en\/wp-content\/uploads\/sites\/2\/2019\/07\/teaser-weine_02.jpg')\"><\/div>\n                            <\/div>\n\n        <\/div>\n        <div class=\"col desktop-7 tablet-7 phablet-12 phone-12 page-teaser-text-column\">\n            <p class=\"overline-h2\">Our wines<\/p>\n<h2 id='hard-case-delicate-core'>Hard case, delicate core<\/h2>\n<p>Our wines seem to thrive on contrast. Sensuality and virtue, history and a sense of modern spirit, simply good with a sophisticated complexity. Filled in bottles, anchored in the heart.<\/p>\n<p><a class=\"arrow-link\" href=\"https:\/\/cisterzienser-weingut.de\/en\/our-wines\/\">meet our wines<\/a><\/p>\n                    <\/div>\n    <\/div>\n<\/div>\n<\/div>\n<\/div>\n<\/div>\n<\/section>\n","protected":false},"excerpt":{"rendered":"<p>Charakter und Charme, K\u00f6nnen und Kreativit\u00e4t, Wissen und Wertsch\u00e4tzung: All das packen wir in unsere Weine. Sie k\u00f6nnen das schmecken, und Sie k\u00f6nnen uns mit jeder Flasche, mit jedem Tropfen ein bisschen besser kennenlernen.<\/p>\n","protected":false},"author":1,"featured_media":708,"parent":0,"menu_order":20,"comment_status":"closed","ping_status":"closed","template":"","meta":{"footnotes":""},"class_list":["post-206","page","type-page","status-publish","has-post-thumbnail","hentry"],"_links":{"self":[{"href":"https:\/\/cisterzienser-weingut.de\/en\/wp-json\/wp\/v2\/pages\/206"}],"collection":[{"href":"https:\/\/cisterzienser-weingut.de\/en\/wp-json\/wp\/v2\/pages"}],"about":[{"href":"https:\/\/cisterzienser-weingut.de\/en\/wp-json\/wp\/v2\/types\/page"}],"author":[{"embeddable":true,"href":"https:\/\/cisterzienser-weingut.de\/en\/wp-json\/wp\/v2\/users\/1"}],"replies":[{"embeddable":true,"href":"https:\/\/cisterzienser-weingut.de\/en\/wp-json\/wp\/v2\/comments?post=206"}],"version-history":[{"count":6,"href":"https:\/\/cisterzienser-weingut.de\/en\/wp-json\/wp\/v2\/pages\/206\/revisions"}],"predecessor-version":[{"id":1336,"href":"https:\/\/cisterzienser-weingut.de\/en\/wp-json\/wp\/v2\/pages\/206\/revisions\/1336"}],"wp:featuredmedia":[{"embeddable":true,"href":"https:\/\/cisterzienser-weingut.de\/en\/wp-json\/wp\/v2\/media\/708"}],"wp:attachment":[{"href":"https:\/\/cisterzienser-weingut.de\/en\/wp-json\/wp\/v2\/media?parent=206"}],"curies":[{"name":"wp","href":"https:\/\/api.w.org\/{rel}","templated":true}]}}