{"id":2,"date":"2019-07-05T10:49:24","date_gmt":"2019-07-05T08:49:24","guid":{"rendered":"https:\/\/cisterzienser-weingut.de\/?page_id=2"},"modified":"2021-10-19T15:02:14","modified_gmt":"2021-10-19T13:02:14","slug":"home","status":"publish","type":"page","link":"https:\/\/cisterzienser-weingut.de\/en\/","title":{"rendered":"Home"},"content":{"rendered":"<section class=\"content-section tbe-module-section tbe-custom-background-color tbe-custom-background-color-weiss\">\n<div class=\"grid tbe-module-grid\">\n<div class=\"row gutter-h-120\">\n<div class=\"col desktop-12 tablet-12 phablet-12 phone-12 tbe-module-page-teaser\">\n<div class=\"page-teaser-module page-teaser-direction-default\" id=\"page-teaser-module-54\">\n    <div class=\"row center middle\">\n        <div class=\"col desktop-5 tablet-5 phablet-12 phone-12 page-teaser-image-column\">\n            \n            <div class=\"page-teaser-image-container\">\n                                    <div class=\"page-teaser-image\" style=\"background-image: url('https:\/\/cisterzienser-weingut.de\/en\/wp-content\/uploads\/sites\/2\/2019\/07\/teaser-weingut-01.jpg')\"><\/div>\n                            <\/div>\n\n        <\/div>\n        <div class=\"col desktop-7 tablet-7 phablet-12 phone-12 page-teaser-text-column\">\n            <p class=\"overline-h2\">Cistercian wine-growing estate<\/p>\n<h2 id='with-c-at-the-beginning-with-character-inside'>With C at the beginning, with character inside<\/h2>\n<p>It is almost a pity that viticulture doesn\u2019t begin with C as well. Anyway, you may believe us: Character and charm, competence and creativity, expertise and esteem, all those ingredients are packed into our wines.<\/p>\n<p><a class=\"arrow-link\" href=\"https:\/\/cisterzienser-weingut.de\/en\/the-wine-growing-estate\/\">find out more about the Cistercian wine-growing estate<\/a><\/p>\n                    <\/div>\n    <\/div>\n<\/div>\n<\/div>\n<div class=\"col desktop-12 tablet-12 phablet-12 phone-12 tbe-module-page-teaser\">\n<div class=\"page-teaser-module page-teaser-direction-right\" id=\"page-teaser-module-51\">\n    <div class=\"row center middle\">\n        <div class=\"col desktop-5 tablet-5 phablet-12 phone-12 page-teaser-image-column\">\n            \n            <div class=\"page-teaser-image-container\">\n                                    <div class=\"page-teaser-image\" style=\"background-image: url('https:\/\/cisterzienser-weingut.de\/en\/wp-content\/uploads\/sites\/2\/2019\/07\/teaser-weine_02.jpg')\"><\/div>\n                            <\/div>\n\n        <\/div>\n        <div class=\"col desktop-7 tablet-7 phablet-12 phone-12 page-teaser-text-column\">\n            <p class=\"overline-h2\">Our wines<\/p>\n<h2 id='hard-case-delicate-core'>Hard case, delicate core<\/h2>\n<p>Our wines seem to thrive on contrast. Sensuality and virtue, history and a sense of modern spirit, simply good with a sophisticated complexity. Filled in bottles, anchored in the heart.<\/p>\n<p><a class=\"arrow-link\" href=\"https:\/\/cisterzienser-weingut.de\/en\/our-wines\/\">meet our wines<\/a><\/p>\n                    <\/div>\n    <\/div>\n<\/div>\n<\/div>\n<div class=\"col desktop-12 tablet-12 phablet-12 phone-12 tbe-module-page-teaser\">\n<div class=\"page-teaser-module page-teaser-direction-default\" id=\"page-teaser-module-319\">\n    <div class=\"row center middle\">\n        <div class=\"col desktop-5 tablet-5 phablet-12 phone-12 page-teaser-image-column\">\n            \n            <div class=\"page-teaser-image-container\">\n                                    <div class=\"page-teaser-image\" style=\"background-image: url('https:\/\/cisterzienser-weingut.de\/en\/wp-content\/uploads\/sites\/2\/2020\/02\/teaser-probierpakete_2021-09-20.jpg')\"><\/div>\n                            <\/div>\n\n        <\/div>\n        <div class=\"col desktop-7 tablet-7 phablet-12 phone-12 page-teaser-text-column\">\n            <p class=\"overline-h2\">Our mixed wine cases<\/p>\n<h2 id='may-we-introduce-you-to-your-new-favourite-wine'>May we introduce you to your new favourite wine?<\/h2>\n<p>What a choice, what a variety! Which Cistercian wine do you fancy? If you\u2019re up to exploring something new: Our mixed cases will take you by surprise and inspire you.<\/p>\n<p><a class=\"arrow-link\" href=\"https:\/\/cisterzienser-weingut.de\/en\/our-wines\/mixed-wine-cases\/\">our mixed wine cases &#8211; here they are<\/a><\/p>\n                    <\/div>\n    <\/div>\n<\/div>\n<\/div>\n<\/div>\n<\/div>\n<\/section>\n","protected":false},"excerpt":{"rendered":"<p>Fast schade, dass Weinbau nicht auch mit C beginnt. Aber auch so d\u00fcrfen Sie uns glauben: Wir packen all das in unsere Weine, Charakter und Charme, K\u00f6nnen und Kreativit\u00e4t, Wissen und Wertsch\u00e4tzung.<\/p>\n","protected":false},"author":1,"featured_media":1259,"parent":0,"menu_order":0,"comment_status":"closed","ping_status":"closed","template":"","meta":{"footnotes":""},"class_list":["post-2","page","type-page","status-publish","has-post-thumbnail","hentry"],"_links":{"self":[{"href":"https:\/\/cisterzienser-weingut.de\/en\/wp-json\/wp\/v2\/pages\/2"}],"collection":[{"href":"https:\/\/cisterzienser-weingut.de\/en\/wp-json\/wp\/v2\/pages"}],"about":[{"href":"https:\/\/cisterzienser-weingut.de\/en\/wp-json\/wp\/v2\/types\/page"}],"author":[{"embeddable":true,"href":"https:\/\/cisterzienser-weingut.de\/en\/wp-json\/wp\/v2\/users\/1"}],"replies":[{"embeddable":true,"href":"https:\/\/cisterzienser-weingut.de\/en\/wp-json\/wp\/v2\/comments?post=2"}],"version-history":[{"count":4,"href":"https:\/\/cisterzienser-weingut.de\/en\/wp-json\/wp\/v2\/pages\/2\/revisions"}],"predecessor-version":[{"id":998,"href":"https:\/\/cisterzienser-weingut.de\/en\/wp-json\/wp\/v2\/pages\/2\/revisions\/998"}],"wp:featuredmedia":[{"embeddable":true,"href":"https:\/\/cisterzienser-weingut.de\/en\/wp-json\/wp\/v2\/media\/1259"}],"wp:attachment":[{"href":"https:\/\/cisterzienser-weingut.de\/en\/wp-json\/wp\/v2\/media?parent=2"}],"curies":[{"name":"wp","href":"https:\/\/api.w.org\/{rel}","templated":true}]}}