{"id":182,"date":"2020-01-30T10:25:02","date_gmt":"2020-01-30T09:25:02","guid":{"rendered":"https:\/\/cisterzienser-weingut.de\/?page_id=182"},"modified":"2021-02-10T09:54:16","modified_gmt":"2021-02-10T08:54:16","slug":"mixed-wine-cases","status":"publish","type":"page","link":"https:\/\/cisterzienser-weingut.de\/en\/our-wines\/mixed-wine-cases\/","title":{"rendered":"Mixed wine cases"},"content":{"rendered":"<section class=\"content-section tbe-module-section tbe-custom-background-color tbe-custom-background-color-weiss\">\n<div class=\"grid tbe-module-grid\">\n<div class=\"row\">\n<div class=\"col phablet-12 phone-12 tbe-module-text-column tbe-module-marginal-column-right desktop-8 tablet-8\" data-columns=\"1\">\n<p class=\"overline-h2\">Our mixed wine cases<\/p>\n<h2 id='are-you-ready-for-your-new-favourites'>Are you ready for your new favourites?<\/h2>\n<p>Lagenweine, Ortsweine, Gutsweine, white, red, ros\u00e9 &#8230; What a choice, what a variety! You are not quite sure yet which Cistercian wine is the one for you?<\/p>\n<p><span style=\"color: inherit; font-family: inherit; font-size: inherit;\">We would like to suggest the following: <strong>Suggestion 1:<\/strong> Take advantage of our recommendations. We are consistently selecting wines for our mixed wine cases, especially for you to try and explore. <strong>Suggestion 2:<\/strong> Come and see us here in Dittelsheim-He\u00dfloch and taste our wines <a href=\"https:\/\/cisterzienser-weingut.de\/en\/contact\/\">on the spot<\/a>.<\/span><\/p>\n<\/div>\n<\/div>\n<\/div>\n<div class=\"grid tbe-module-grid\">\n<div class=\"row\">\n<div class=\"col desktop-12 tablet-12 phablet-12 phone-12 tbe-module-product-category-overview\">\n<div class=\"products-overview\">\n    <div class=\"row gutter-h-60\">\n        \n                <div class=\"col desktop-12 tablet-12 phablet-12 phone-12\" id=\"products\">\n\n            \n                <div class=\"row is-loading\" id=\"product-list\">\n                    \n<div class=\"col desktop-4 desktop-4 phablet-6 phone-12 product-item product-item-expertise-1253 product-item-has-pdf product-item-has-image\" id=\"expertise-1253\">\n            <a href=\"https:\/\/cisterzienser-weingut.de\/en\/expertise\/laubliebe\/\" target=\"_blank\" class=\"tile-link\" title='Download expertise for \"&#8220;Laubliebe&#8221;\" as PDF'>\n            Download expertise for \"&#8220;Laubliebe&#8221;\" as PDF        <\/a>\n    \n    <div class=\"product-image\" style=\"background-image: url('https:\/\/cisterzienser-weingut.de\/en\/wp-content\/uploads\/sites\/2\/2021\/09\/Probierpaket_Laubliebe-2023-1.png')\"><\/div>\n\n    <div class=\"product-text margin-fix\">\n                <h3 class=\"h4 product-title\">&#8220;Laubliebe&#8221;<\/h3>\n        <div class=\"product-description margin-fix\">\n            <p>Mixed wine case \u2022 6 bottles \u2022 <span class=\"dont-break-word\">59,- \u20ac<\/span><\/p>\n<p class=\"caption\">2 x 407 Wei\u00dfburgunder trocken<br \/>\n2 x 409 Gew\u00fcrztraminer trocken<br \/>\n2 x 416 Riesling trocken unfiltered<\/p>\n                    <\/div>\n    <\/div>\n            <div class=\"product-expertise-pdf\">\n            <a href=\"https:\/\/cisterzienser-weingut.de\/en\/wp-content\/uploads\/sites\/2\/2023\/09\/Weingut-Cisterzienser-Laubliebe-2023.pdf\" target=\"_blank\">\n                <span class=\"has-icon\" data-icon=\"download-1\">Download expertise (PDF)<\/span>\n            <\/a>\n        <\/div>\n    <\/div>\n<div class=\"col desktop-4 desktop-4 phablet-6 phone-12 product-item product-item-expertise-473 product-item-has-image\" id=\"expertise-473\">\n    \n    <div class=\"product-image\" style=\"background-image: url('https:\/\/cisterzienser-weingut.de\/en\/wp-content\/uploads\/sites\/2\/2020\/03\/Probierpaket_Geniale-Gutsweine.png')\"><\/div>\n\n    <div class=\"product-text margin-fix\">\n                <h3 class=\"h4 product-title\">&#8220;Geniale Gutsweine&#8221;<\/h3>\n        <div class=\"product-description margin-fix\">\n            <p>Mixed wine case \u2022 6 bottles \u2022 <span class=\"dont-break-word\">49,- \u20ac<\/span><\/p>\n<p class=\"caption\">2 \u00d7 110 Monsignore trocken<br \/>\n2 \u00d7 402 Chardonnay-Riesling trocken<br \/>\n2 \u00d7 403 Grauburgunder trocken<\/p>\n                    <\/div>\n    <\/div>\n    <\/div>\n<div class=\"col desktop-4 desktop-4 phablet-6 phone-12 product-item product-item-expertise-1388 product-item-has-image\" id=\"expertise-1388\">\n    \n    <div class=\"product-image\" style=\"background-image: url('https:\/\/cisterzienser-weingut.de\/en\/wp-content\/uploads\/sites\/2\/2023\/09\/Probierpaket_Originelle-Ortsweine.png')\"><\/div>\n\n    <div class=\"product-text margin-fix\">\n                <h3 class=\"h4 product-title\">&#8220;Originelle Ortsweine&#8221;<\/h3>\n        <div class=\"product-description margin-fix\">\n            <p>Mixed wine case \u2022 6 bottles \u2022 <span class=\"dont-break-word\">59,- \u20ac<\/span><\/p>\n<p class=\"caption\">2 \u00d7 407 Wei\u00dfburgunder trocken<br \/>\n2 \u00d7 418 Sauvignon blanc trocken Fum\u00e9<br \/>\n2 \u00d7 503 Merlot trocken<\/p>\n                    <\/div>\n    <\/div>\n    <\/div>\n<div class=\"col desktop-4 desktop-4 phablet-6 phone-12 product-item product-item-expertise-745 product-item-has-image\" id=\"expertise-745\">\n    \n    <div class=\"product-image\" style=\"background-image: url('https:\/\/cisterzienser-weingut.de\/en\/wp-content\/uploads\/sites\/2\/2020\/04\/Probierpaket_Laessige-Lagenweine.png')\"><\/div>\n\n    <div class=\"product-text margin-fix\">\n                <h3 class=\"h4 product-title\">&#8220;L\u00e4ssige Lagenweine&#8221;<\/h3>\n        <div class=\"product-description margin-fix\">\n            <p>Mixed wine case \u2022 6 bottles \u2022 <span class=\"dont-break-word\">79,- \u20ac<\/span><\/p>\n<p class=\"caption\">2 \u00d7 412 Riesling trocken<br \/>\n(Westhofener Morstein)<br \/>\n2 \u00d7 415 Grauburgunder trocken Ma\u00dfwerk<br \/>\n(Hesslocher Edle Weing\u00e4rten)<br \/>\n2 \u00d7 507 Sp\u00e4tburgunder trocken<br \/>\n(Hesslocher Liebfrauenberg)<\/p>\n                    <\/div>\n    <\/div>\n    <\/div>\n<div class=\"col desktop-4 desktop-4 phablet-6 phone-12 product-item product-item-expertise-747 product-item-has-image\" id=\"expertise-747\">\n    \n    <div class=\"product-image\" style=\"background-image: url('https:\/\/cisterzienser-weingut.de\/en\/wp-content\/uploads\/sites\/2\/2020\/04\/Probierpaket_Perlenspiel-1.png')\"><\/div>\n\n    <div class=\"product-text margin-fix\">\n                <h3 class=\"h4 product-title\">&#8220;Prickelndes Perlenspiel&#8221;<\/h3>\n        <div class=\"product-description margin-fix\">\n            <p>Sparkling Wine Mix \u2022 6 bottles \u2022 <span class=\"dont-break-word\">55,- \u20ac<\/span><\/p>\n<p class=\"caption\">2 \u00d7 801 Riesling extra trocken<br \/>\n2 \u00d7 802 Sp\u00e4tburgunder Ros\u00e9 trocken<br \/>\n2 \u00d7 803 Wei\u00dfburgunder trocken<\/p>\n                    <\/div>\n    <\/div>\n    <\/div>                <\/div>\n\n                \n                    <\/div>\n    <\/div>\n<\/div>\n\n<\/div>\n<\/div>\n<\/div>\n<\/section>\n<section class=\"content-section tbe-module-section tbe-custom-background-color tbe-custom-background-color-hellgrau\">\n<div class=\"grid tbe-module-grid\">\n<div class=\"row gutter-h-120\">\n<div class=\"col desktop-12 tablet-12 phablet-12 phone-12 tbe-module-product-page-teaser\">\n<div class=\"page-teaser-module page-teaser-direction-default is-product-teaser\" id=\"page-teaser-module-59\">\n    <div class=\"row center middle\">\n        <div class=\"col desktop-5 tablet-5 phablet-12 phone-12 page-teaser-image-column\">\n            \n            <div class=\"page-teaser-image-container\">\n                                    <div class=\"page-teaser-image bg-texture-inner-shadow bg-texture-gold\"><\/div>\n                    <div class=\"product-image\" style=\"background-image: url('https:\/\/cisterzienser-weingut.de\/en\/wp-content\/uploads\/sites\/2\/2019\/07\/507_Spaetburgunder-S-trocken.png')\"><\/div>\n                            <\/div>\n\n        <\/div>\n        <div class=\"col desktop-7 tablet-7 phablet-12 phone-12 page-teaser-text-column\">\n            <p class=\"overline-h2\">Our Lagenweine \u2013 our finest wines from one single vineyard site<\/p>\n<h2 id='deep-clay-is-our-highest-value'>Deep clay is our highest value<\/h2>\n<p>Manifold, well-balanced: Sounds good? We agree with that. Deep clay soils, lime stone, clay loam soil, and iron ore, just to name a few: Our vineyards with their different soil types stretch over the best vineyard sites of the Rheinhessen region. That\u2019s reason enough to meet our superior wines.<\/p>\n<p><a class=\"arrow-link\" href=\"https:\/\/cisterzienser-weingut.de\/en\/our-wines\/lagenweine\/\">have a look at our Lagenweine<\/a><\/p>\n                    <\/div>\n    <\/div>\n<\/div>\n<\/div>\n<div class=\"col desktop-12 tablet-12 phablet-12 phone-12 tbe-module-product-page-teaser\">\n<div class=\"page-teaser-module page-teaser-direction-right is-product-teaser\" id=\"page-teaser-module-151\">\n    <div class=\"row center middle\">\n        <div class=\"col desktop-5 tablet-5 phablet-12 phone-12 page-teaser-image-column\">\n            \n            <div class=\"page-teaser-image-container\">\n                                    <div class=\"page-teaser-image bg-texture-inner-shadow bg-texture-copper\"><\/div>\n                    <div class=\"product-image\" style=\"background-image: url('https:\/\/cisterzienser-weingut.de\/en\/wp-content\/uploads\/sites\/2\/2019\/07\/502_Chardonnay-trocken.png')\"><\/div>\n                            <\/div>\n\n        <\/div>\n        <div class=\"col desktop-7 tablet-7 phablet-12 phone-12 page-teaser-text-column\">\n            <p class=\"overline-h2\">Our Ortsweine \u2013 our high-quality wines, influenced by the typical local terroir<\/p>\n<h2 id='you-cant-bottle-wine-without-receiving-compliments' id=\"wo-gefuellt-wird-fallen-komplimente-cfcd208495d565ef66e7dff9f98764da\">You can\u2019t bottle wine without receiving compliments<\/h2>\n<p>Viticulture is craftsmanship. With our well-known German Fingerspitzengef\u00fchl, namely tact and sensitivity, we meticulously take care of what is predetermined by our local nature. Very nicely done, by the way: Nature has done an excellent job. When we bottle our Cistercian Ortsweine, we always add a bit of the Rheinhessen region, the Wonnegau area, and of our village He\u00dfloch. What does it taste like? The best way to find out &#8211; just try it!<\/p>\n<p><a class=\"arrow-link\" href=\"https:\/\/cisterzienser-weingut.de\/en\/our-wines\/ortsweine\/\">have a look at our Ortsweine<\/a><\/p>\n                    <\/div>\n    <\/div>\n<\/div>\n<\/div>\n<div class=\"col desktop-12 tablet-12 phablet-12 phone-12 tbe-module-product-page-teaser\">\n<div class=\"page-teaser-module page-teaser-direction-default is-product-teaser\" id=\"page-teaser-module-153\">\n    <div class=\"row center middle\">\n        <div class=\"col desktop-5 tablet-5 phablet-12 phone-12 page-teaser-image-column\">\n            \n            <div class=\"page-teaser-image-container\">\n                                    <div class=\"page-teaser-image bg-texture-inner-shadow bg-texture-violet\"><\/div>\n                    <div class=\"product-image\" style=\"background-image: url('https:\/\/cisterzienser-weingut.de\/en\/wp-content\/uploads\/sites\/2\/2019\/07\/403_Grauer-Burgunder-trocken-Weisser-Stein.png')\"><\/div>\n                            <\/div>\n\n        <\/div>\n        <div class=\"col desktop-7 tablet-7 phablet-12 phone-12 page-teaser-text-column\">\n            <p class=\"overline-h2\">Our Gutsweine \u2013 grown in the estate\u2019s own vineyards<\/p>\n<h2 id='its-only-logical-gutsweine-are-good-wines'>It\u2019s only logical: Gutsweine are good wines<\/h2>\n<p>They are good as they come along with a very down-to-earth character. Gutsweine are served in a pleasantly laid-back way, whenever people simply want to savour a good glass of wine. People like you and people like us. Whenever pizza or pasta is served, whenever friends sit together, whenever a busy day is rounded off in an easy-going manner.<\/p>\n<p><a class=\"arrow-link\" href=\"https:\/\/cisterzienser-weingut.de\/en\/our-wines\/gutsweine\/\">have a look at our Gutsweine<\/a><\/p>\n                    <\/div>\n    <\/div>\n<\/div>\n<\/div>\n<\/div>\n<\/div>\n<\/section>\n","protected":false},"excerpt":{"rendered":"<p>So viel Auswahl, solche Vielfalt \u2013 welcher Cisterzienser Wein darf\u2019s sein? Wenn Sie Lust haben, Neues zu entdecken: Lassen Sie sich von unseren Probierpaketen \u00fcberraschen und inspirieren.<\/p>\n","protected":false},"author":1,"featured_media":793,"parent":34,"menu_order":60,"comment_status":"closed","ping_status":"closed","template":"","meta":{"footnotes":""},"class_list":["post-182","page","type-page","status-publish","has-post-thumbnail","hentry"],"_links":{"self":[{"href":"https:\/\/cisterzienser-weingut.de\/en\/wp-json\/wp\/v2\/pages\/182"}],"collection":[{"href":"https:\/\/cisterzienser-weingut.de\/en\/wp-json\/wp\/v2\/pages"}],"about":[{"href":"https:\/\/cisterzienser-weingut.de\/en\/wp-json\/wp\/v2\/types\/page"}],"author":[{"embeddable":true,"href":"https:\/\/cisterzienser-weingut.de\/en\/wp-json\/wp\/v2\/users\/1"}],"replies":[{"embeddable":true,"href":"https:\/\/cisterzienser-weingut.de\/en\/wp-json\/wp\/v2\/comments?post=182"}],"version-history":[{"count":5,"href":"https:\/\/cisterzienser-weingut.de\/en\/wp-json\/wp\/v2\/pages\/182\/revisions"}],"predecessor-version":[{"id":1119,"href":"https:\/\/cisterzienser-weingut.de\/en\/wp-json\/wp\/v2\/pages\/182\/revisions\/1119"}],"up":[{"embeddable":true,"href":"https:\/\/cisterzienser-weingut.de\/en\/wp-json\/wp\/v2\/pages\/34"}],"wp:featuredmedia":[{"embeddable":true,"href":"https:\/\/cisterzienser-weingut.de\/en\/wp-json\/wp\/v2\/media\/793"}],"wp:attachment":[{"href":"https:\/\/cisterzienser-weingut.de\/en\/wp-json\/wp\/v2\/media?parent=182"}],"curies":[{"name":"wp","href":"https:\/\/api.w.org\/{rel}","templated":true}]}}